{"id":11871,"date":"2021-02-24T20:09:49","date_gmt":"2021-02-24T19:09:49","guid":{"rendered":"https:\/\/www.jh-itc.de\/things-to-know\/used-building-materials\/"},"modified":"2021-07-16T18:05:13","modified_gmt":"2021-07-16T16:05:13","slug":"used-building-materials","status":"publish","type":"page","link":"https:\/\/stage.jh-itc.de\/en\/things-to-know\/used-building-materials\/","title":{"rendered":"Used building materials"},"content":{"rendered":"<h2><span style=\"color: #ffffff;\">Used formwork, props and scaffolding from your experts<\/span><\/h2>\n<hr>\n<h3><span style=\"color: #948a80;\">&nbsp;<\/span><\/h3>\n<p><span style=\"color: #948a80;\">Every building contractor knows what a cost factor <span style=\"color: #ffffff;\">formwork, scaffolding or slab props<\/span> are when they are sometimes tied up on a building site for weeks or months at a time.<\/span><\/p>\n<p><span style=\"color: #948a80;\">It is the same with construction machinery and especially cranes, which often have long downtimes until the last work on a construction site has finally been completed.<\/span><\/p>\n<p><span style=\"color: #948a80;\">So it makes sense to consider the use of second-hand <span style=\"color: #ffffff;\">props, scaffolding or formwork<\/span> when making an investment.<\/span><\/p>\n<p><span style=\"color: #948a80;\">The capital expenditure is considerably lower for used parts. However, since we only sell tested and fully functional goods in good condition, the period of use is hardly more limited than with new goods.<\/span><\/p>\n<p><span style=\"color: #948a80;\">Make the test and get an offer for example for used ceiling props and compare it with identical new goods. You will see that your cost advantage is immense, which opens up the possibility for you to leave one or the other competitor behind you in the case of offers, because you can calculate the period of use of the ceiling supports much more favourably than a supplier who only uses new goods.<\/span><\/p>\n<p><span style=\"color: #948a80;\">The same applies, of course, to construction machinery or cranes, where we always have a bargain in store for you. Especially with new machines the loss of value in the first years is huge. This is only worthwhile for machines that are really in continuous use. All construction machines, which have downtimes in between or construction supports, which are always resting in storage for a long time between uses, are better purchased used, because the wear and tear is not the problem, but the high investment requirement at the time of purchase and the rapid loss of value in the balance sheet.<\/span><\/p>\n<h3><span style=\"color: #ffffff;\">We carry used building props, formwork and scaffolding from all well-known manufacturers such as  <\/span><\/h3>\n<h3><span style=\"color: #ffffff;\"><strong>Peri, Meva, Doka, H\u00fcnnebeck, Paschal, NOE, Ischebeck, Reber, H\u00e4gele or Wendler<\/strong>.<\/span><\/h3>\n<p><span style=\"color: #948a80;\">This means that we can also help you if you are looking for additions to your stock and are therefore dependent on a particular brand.<\/span><\/p>\n<p><span style=\"color: #948a80;\">Of course, we will also search for you if we do not have certain parts in stock. However, we are also happy to supply you with new parts from the areas of construction supports or scaffolding at very favourable prices, if you so wish.<\/span><\/p>\n<p><span style=\"color: #948a80;\">In addition to used supports and machines of all kinds for construction site equipment, we also always carry special items from the field of construction, building materials, sanitary materials or building materials.<\/span><\/p>\n<p><span style=\"color: #948a80;\">In this respect, it is worthwhile for you to visit us from time to time, because if you find a favourable special item that matches one of your projected construction sites, you will again have a considerable price advantage over the competition, which maximises your profit or secures you the order, because you can offer more favourably than your competitors. And if you need to expand your stock for the material you have ordered from us, because you have bought so cheaply, then you will also find what you are looking for with us.<\/span><\/p>\n<p><span style=\"color: #948a80;\">Again and again we have very cheap, used steel halls on offer, which you can erect quickly and thus create storage space at low cost.<\/span><\/p>\n<p><span style=\"color: #948a80;\">We deliver worldwide, take a look at our offers and request a non-binding quote!<\/span><\/p>\n<p style=\"text-align: center;\"><a href=\"http:\/\/info@jh-itc.de\">info@jh-itc.de<\/a><\/p>\n<p><img fetchpriority=\"high\" decoding=\"async\" class=\"size-400 wp-image-7917 aligncenter\" src=\"https:\/\/stage.jh-itc.de\/wp-content\/uploads\/2019\/10\/Schalungsteam-400x557.jpg\" alt=\"\" width=\"400\" height=\"557\" srcset=\"https:\/\/stage.jh-itc.de\/wp-content\/uploads\/2019\/10\/Schalungsteam-400x557.jpg 400w, https:\/\/stage.jh-itc.de\/wp-content\/uploads\/2019\/10\/Schalungsteam-500x696.jpg 500w, https:\/\/stage.jh-itc.de\/wp-content\/uploads\/2019\/10\/Schalungsteam-215x300.jpg 215w, https:\/\/stage.jh-itc.de\/wp-content\/uploads\/2019\/10\/Schalungsteam-200x279.jpg 200w, https:\/\/stage.jh-itc.de\/wp-content\/uploads\/2019\/10\/Schalungsteam.jpg 542w\" sizes=\"(max-width: 400px) 100vw, 400px\" \/><\/p>\n<hr>\n","protected":false},"excerpt":{"rendered":"<p>Used formwork, props and scaffolding from your experts &nbsp; Every building contractor knows what a cost factor formwork, scaffolding or slab props are when they are sometimes tied up on a building site for weeks or months at a time. It is the same with construction machinery and especially cranes, which often have long downtimes [&hellip;]<\/p>\n","protected":false},"author":7,"featured_media":11872,"parent":11865,"menu_order":0,"comment_status":"closed","ping_status":"closed","template":"","meta":{"footnotes":""},"class_list":["post-11871","page","type-page","status-publish","has-post-thumbnail"],"yoast_head":"<!-- This site is optimized with the Yoast SEO plugin v26.5 - https:\/\/yoast.com\/wordpress\/plugins\/seo\/ -->\n<title>Used building materials - JH - ITC GmbH<\/title>\n<meta name=\"description\" content=\"used formwork, used props, props, construction props, floor props\" \/>\n<meta name=\"robots\" content=\"noindex, follow, max-snippet:-1, max-image-preview:large, max-video-preview:-1\" \/>\n<meta property=\"og:locale\" content=\"en_US\" \/>\n<meta property=\"og:type\" content=\"article\" \/>\n<meta property=\"og:title\" content=\"Used building materials - JH - ITC GmbH\" \/>\n<meta property=\"og:description\" content=\"used formwork, used props, props, construction props, floor props\" \/>\n<meta property=\"og:url\" content=\"https:\/\/stage.jh-itc.de\/en\/things-to-know\/used-building-materials\/\" \/>\n<meta property=\"og:site_name\" content=\"JH - ITC GmbH\" \/>\n<meta property=\"article:publisher\" content=\"https:\/\/www.facebook.com\/schalungshandel\" \/>\n<meta property=\"article:modified_time\" content=\"2021-07-16T16:05:13+00:00\" \/>\n<meta property=\"og:image\" content=\"https:\/\/stage.jh-itc.de\/wp-content\/uploads\/2019\/10\/Schalungsteam-400x557.jpg\" \/>\n<meta name=\"twitter:card\" content=\"summary_large_image\" \/>\n<meta name=\"twitter:site\" content=\"@JH_ITC\" \/>\n<meta name=\"twitter:label1\" content=\"Est. reading time\" \/>\n\t<meta name=\"twitter:data1\" content=\"3 minutes\" \/>\n<!-- \/ Yoast SEO plugin. -->","yoast_head_json":{"title":"Used building materials - JH - ITC GmbH","description":"used formwork, used props, props, construction props, floor props","robots":{"index":"noindex","follow":"follow","max-snippet":"max-snippet:-1","max-image-preview":"max-image-preview:large","max-video-preview":"max-video-preview:-1"},"og_locale":"en_US","og_type":"article","og_title":"Used building materials - JH - ITC GmbH","og_description":"used formwork, used props, props, construction props, floor props","og_url":"https:\/\/stage.jh-itc.de\/en\/things-to-know\/used-building-materials\/","og_site_name":"JH - ITC GmbH","article_publisher":"https:\/\/www.facebook.com\/schalungshandel","article_modified_time":"2021-07-16T16:05:13+00:00","og_image":[{"url":"https:\/\/stage.jh-itc.de\/wp-content\/uploads\/2019\/10\/Schalungsteam-400x557.jpg","type":"","width":"","height":""}],"twitter_card":"summary_large_image","twitter_site":"@JH_ITC","twitter_misc":{"Est. reading time":"3 minutes"},"schema":{"@context":"https:\/\/schema.org","@graph":[{"@type":"WebPage","@id":"https:\/\/stage.jh-itc.de\/en\/things-to-know\/used-building-materials\/","url":"https:\/\/stage.jh-itc.de\/en\/things-to-know\/used-building-materials\/","name":"Used building materials - JH - ITC GmbH","isPartOf":{"@id":"https:\/\/stage.jh-itc.de\/en\/#website"},"primaryImageOfPage":{"@id":"https:\/\/stage.jh-itc.de\/en\/things-to-know\/used-building-materials\/#primaryimage"},"image":{"@id":"https:\/\/stage.jh-itc.de\/en\/things-to-know\/used-building-materials\/#primaryimage"},"thumbnailUrl":"https:\/\/stage.jh-itc.de\/wp-content\/uploads\/2020\/09\/Landkreisbuch-433-von-487-Mittel.jpg","datePublished":"2021-02-24T19:09:49+00:00","dateModified":"2021-07-16T16:05:13+00:00","description":"used formwork, used props, props, construction props, floor props","breadcrumb":{"@id":"https:\/\/stage.jh-itc.de\/en\/things-to-know\/used-building-materials\/#breadcrumb"},"inLanguage":"en-US","potentialAction":[{"@type":"ReadAction","target":["https:\/\/stage.jh-itc.de\/en\/things-to-know\/used-building-materials\/"]}]},{"@type":"ImageObject","inLanguage":"en-US","@id":"https:\/\/stage.jh-itc.de\/en\/things-to-know\/used-building-materials\/#primaryimage","url":"https:\/\/stage.jh-itc.de\/wp-content\/uploads\/2020\/09\/Landkreisbuch-433-von-487-Mittel.jpg","contentUrl":"https:\/\/stage.jh-itc.de\/wp-content\/uploads\/2020\/09\/Landkreisbuch-433-von-487-Mittel.jpg","width":1152,"height":768},{"@type":"BreadcrumbList","@id":"https:\/\/stage.jh-itc.de\/en\/things-to-know\/used-building-materials\/#breadcrumb","itemListElement":[{"@type":"ListItem","position":1,"name":"Home","item":"https:\/\/stage.jh-itc.de\/en\/formwork-props-scaffolding-from-professionals\/"},{"@type":"ListItem","position":2,"name":"Things to know","item":"https:\/\/stage.jh-itc.de\/en\/things-to-know\/"},{"@type":"ListItem","position":3,"name":"Used building materials"}]},{"@type":"WebSite","@id":"https:\/\/stage.jh-itc.de\/en\/#website","url":"https:\/\/stage.jh-itc.de\/en\/","name":"JH - ITC GmbH","description":"Ihr Experte f\u00fcr gebrauchte St\u00fctzen, Schalungen und Ger\u00fcste","publisher":{"@id":"https:\/\/stage.jh-itc.de\/en\/#organization"},"potentialAction":[{"@type":"SearchAction","target":{"@type":"EntryPoint","urlTemplate":"https:\/\/stage.jh-itc.de\/en\/?s={search_term_string}"},"query-input":{"@type":"PropertyValueSpecification","valueRequired":true,"valueName":"search_term_string"}}],"inLanguage":"en-US"},{"@type":"Organization","@id":"https:\/\/stage.jh-itc.de\/en\/#organization","name":"JH-ITC GmbH","url":"https:\/\/stage.jh-itc.de\/en\/","logo":{"@type":"ImageObject","inLanguage":"en-US","@id":"https:\/\/stage.jh-itc.de\/en\/#\/schema\/logo\/image\/","url":"https:\/\/stage.jh-itc.de\/wp-content\/uploads\/2016\/01\/JH-ITC2-1.png","contentUrl":"https:\/\/stage.jh-itc.de\/wp-content\/uploads\/2016\/01\/JH-ITC2-1.png","width":300,"height":102,"caption":"JH-ITC GmbH"},"image":{"@id":"https:\/\/stage.jh-itc.de\/en\/#\/schema\/logo\/image\/"},"sameAs":["https:\/\/www.facebook.com\/schalungshandel","https:\/\/x.com\/JH_ITC","https:\/\/www.linkedin.com\/in\/jhitc","https:\/\/youtu.be\/rMdZ-FLfI-Y"]}]}},"_links":{"self":[{"href":"https:\/\/stage.jh-itc.de\/en\/wp-json\/wp\/v2\/pages\/11871","targetHints":{"allow":["GET"]}}],"collection":[{"href":"https:\/\/stage.jh-itc.de\/en\/wp-json\/wp\/v2\/pages"}],"about":[{"href":"https:\/\/stage.jh-itc.de\/en\/wp-json\/wp\/v2\/types\/page"}],"author":[{"embeddable":true,"href":"https:\/\/stage.jh-itc.de\/en\/wp-json\/wp\/v2\/users\/7"}],"replies":[{"embeddable":true,"href":"https:\/\/stage.jh-itc.de\/en\/wp-json\/wp\/v2\/comments?post=11871"}],"version-history":[{"count":1,"href":"https:\/\/stage.jh-itc.de\/en\/wp-json\/wp\/v2\/pages\/11871\/revisions"}],"predecessor-version":[{"id":19333,"href":"https:\/\/stage.jh-itc.de\/en\/wp-json\/wp\/v2\/pages\/11871\/revisions\/19333"}],"up":[{"embeddable":true,"href":"https:\/\/stage.jh-itc.de\/en\/wp-json\/wp\/v2\/pages\/11865"}],"wp:featuredmedia":[{"embeddable":true,"href":"https:\/\/stage.jh-itc.de\/en\/wp-json\/wp\/v2\/media\/11872"}],"wp:attachment":[{"href":"https:\/\/stage.jh-itc.de\/en\/wp-json\/wp\/v2\/media?parent=11871"}],"curies":[{"name":"wp","href":"https:\/\/api.w.org\/{rel}","templated":true}]}}