{"id":11867,"date":"2021-02-24T20:09:48","date_gmt":"2021-02-24T19:09:48","guid":{"rendered":"https:\/\/www.jh-itc.de\/things-to-know\/alkus-panel-system-the-economical-formwork-panel-solution\/"},"modified":"2021-07-16T18:06:52","modified_gmt":"2021-07-16T16:06:52","slug":"alkus-panel-system-the-economical-formwork-panel-solution","status":"publish","type":"page","link":"https:\/\/stage.jh-itc.de\/en\/things-to-know\/alkus-panel-system-the-economical-formwork-panel-solution\/","title":{"rendered":"alkus panel system &#8211; the economical formwork panel solution"},"content":{"rendered":"<p>alkus solid plastic panels are the economical alternative to conventional wooden formwork panels for the construction industry. The panels can be processed like wood, but are many times more durable &#8211; because they are moisture-resistant, UV-resistant and can be repaired in the same way as the fabric. It pays off. More than 1,000 applications with a single alkus solid plastic sheet have been documented. The all-plastic panels from alkus can be made to fit any formwork system and any frame &#8211; regardless of size and shape. Due to the possibility of jointless welding and the extreme bendability and formability almost all concrete projects can be realized with the alkus panel system.<\/p>\n<p>alkus pays off!<\/p>\n<p><strong>Some advantages of the alkus panel system at a glance:<\/strong><\/p>\n<p>Extremely durable<\/p>\n<ul>\n<li>up to 1,000 inserts with one plate<\/li>\n<li>7 years long-term warranty<\/li>\n<li>moisture resistant &#8211; therefore no rotting, swelling, shrinkage, discolouration and no ripple formation<\/li>\n<li>high abrasion resistance and UV resistance<\/li>\n<li>Simple and durable repair option &#8211; fabric-like without loss of quality<\/li>\n<\/ul>\n<p>Extremely practical<\/p>\n<ul>\n<li>System-independent &#8211; can be used in the frame systems of all manufacturers<\/li>\n<li>Almost any concrete shape and size can be realised &#8211; Can be shaped and bent like sheet metal, seamlessly welded<\/li>\n<li>nail, screw and saw like wood<\/li>\n<li>Cleaning with high pressure cleaner (up to 1000 bar) or rotary cleaner<\/li>\n<li>No loss of quality during outdoor storage<\/li>\n<li>Environmentally friendly recycling cycle &#8211; no extra costs for hazardous waste<\/li>\n<\/ul>\n<hr>\n<p><iframe src=\"\/\/www.youtube.com\/embed\/dihw-WDYIhU\" width=\"425\" height=\"350\" allowfullscreen=\"allowfullscreen\"><\/iframe><\/p>\n<hr>\n<p><iframe src=\"\/\/www.youtube.com\/embed\/py7TeVc7fwU\" width=\"425\" height=\"350\" allowfullscreen=\"allowfullscreen\"><\/iframe><\/p>\n<hr>\n<p><iframe src=\"\/\/www.youtube.com\/embed\/M9IIhC-C3A0\" width=\"425\" height=\"350\" allowfullscreen=\"allowfullscreen\"><\/iframe><\/p>\n<hr>\n","protected":false},"excerpt":{"rendered":"<p>alkus solid plastic panels are the economical alternative to conventional wooden formwork panels for the construction industry. The panels can be processed like wood, but are many times more durable &#8211; because they are moisture-resistant, UV-resistant and can be repaired in the same way as the fabric. It pays off. More than 1,000 applications with [&hellip;]<\/p>\n","protected":false},"author":7,"featured_media":11869,"parent":11865,"menu_order":0,"comment_status":"closed","ping_status":"closed","template":"","meta":{"footnotes":""},"class_list":["post-11867","page","type-page","status-publish","has-post-thumbnail"],"yoast_head":"<!-- This site is optimized with the Yoast SEO plugin v26.5 - https:\/\/yoast.com\/wordpress\/plugins\/seo\/ -->\n<title>alkus panel system - the economical formwork panel solution - JH - ITC GmbH<\/title>\n<meta name=\"robots\" content=\"noindex, follow, max-snippet:-1, max-image-preview:large, max-video-preview:-1\" \/>\n<meta property=\"og:locale\" content=\"en_US\" \/>\n<meta property=\"og:type\" content=\"article\" \/>\n<meta property=\"og:title\" content=\"alkus panel system - the economical formwork panel solution - JH - ITC GmbH\" \/>\n<meta property=\"og:description\" content=\"alkus solid plastic panels are the economical alternative to conventional wooden formwork panels for the construction industry. The panels can be processed like wood, but are many times more durable &#8211; because they are moisture-resistant, UV-resistant and can be repaired in the same way as the fabric. It pays off. More than 1,000 applications with [&hellip;]\" \/>\n<meta property=\"og:url\" content=\"https:\/\/stage.jh-itc.de\/en\/things-to-know\/alkus-panel-system-the-economical-formwork-panel-solution\/\" \/>\n<meta property=\"og:site_name\" content=\"JH - ITC GmbH\" \/>\n<meta property=\"article:publisher\" content=\"https:\/\/www.facebook.com\/schalungshandel\" \/>\n<meta property=\"article:modified_time\" content=\"2021-07-16T16:06:52+00:00\" \/>\n<meta name=\"twitter:card\" content=\"summary_large_image\" \/>\n<meta name=\"twitter:site\" content=\"@JH_ITC\" \/>\n<meta name=\"twitter:label1\" content=\"Est. reading time\" \/>\n\t<meta name=\"twitter:data1\" content=\"1 minute\" \/>\n<!-- \/ Yoast SEO plugin. -->","yoast_head_json":{"title":"alkus panel system - the economical formwork panel solution - JH - ITC GmbH","robots":{"index":"noindex","follow":"follow","max-snippet":"max-snippet:-1","max-image-preview":"max-image-preview:large","max-video-preview":"max-video-preview:-1"},"og_locale":"en_US","og_type":"article","og_title":"alkus panel system - the economical formwork panel solution - JH - ITC GmbH","og_description":"alkus solid plastic panels are the economical alternative to conventional wooden formwork panels for the construction industry. The panels can be processed like wood, but are many times more durable &#8211; because they are moisture-resistant, UV-resistant and can be repaired in the same way as the fabric. It pays off. More than 1,000 applications with [&hellip;]","og_url":"https:\/\/stage.jh-itc.de\/en\/things-to-know\/alkus-panel-system-the-economical-formwork-panel-solution\/","og_site_name":"JH - ITC GmbH","article_publisher":"https:\/\/www.facebook.com\/schalungshandel","article_modified_time":"2021-07-16T16:06:52+00:00","twitter_card":"summary_large_image","twitter_site":"@JH_ITC","twitter_misc":{"Est. reading time":"1 minute"},"schema":{"@context":"https:\/\/schema.org","@graph":[{"@type":"WebPage","@id":"https:\/\/stage.jh-itc.de\/en\/things-to-know\/alkus-panel-system-the-economical-formwork-panel-solution\/","url":"https:\/\/stage.jh-itc.de\/en\/things-to-know\/alkus-panel-system-the-economical-formwork-panel-solution\/","name":"alkus panel system - the economical formwork panel solution - JH - ITC GmbH","isPartOf":{"@id":"https:\/\/stage.jh-itc.de\/en\/#website"},"primaryImageOfPage":{"@id":"https:\/\/stage.jh-itc.de\/en\/things-to-know\/alkus-panel-system-the-economical-formwork-panel-solution\/#primaryimage"},"image":{"@id":"https:\/\/stage.jh-itc.de\/en\/things-to-know\/alkus-panel-system-the-economical-formwork-panel-solution\/#primaryimage"},"thumbnailUrl":"https:\/\/stage.jh-itc.de\/wp-content\/uploads\/2020\/12\/Alkus_Baustellenreportage2-1.jpg","datePublished":"2021-02-24T19:09:48+00:00","dateModified":"2021-07-16T16:06:52+00:00","breadcrumb":{"@id":"https:\/\/stage.jh-itc.de\/en\/things-to-know\/alkus-panel-system-the-economical-formwork-panel-solution\/#breadcrumb"},"inLanguage":"en-US","potentialAction":[{"@type":"ReadAction","target":["https:\/\/stage.jh-itc.de\/en\/things-to-know\/alkus-panel-system-the-economical-formwork-panel-solution\/"]}]},{"@type":"ImageObject","inLanguage":"en-US","@id":"https:\/\/stage.jh-itc.de\/en\/things-to-know\/alkus-panel-system-the-economical-formwork-panel-solution\/#primaryimage","url":"https:\/\/stage.jh-itc.de\/wp-content\/uploads\/2020\/12\/Alkus_Baustellenreportage2-1.jpg","contentUrl":"https:\/\/stage.jh-itc.de\/wp-content\/uploads\/2020\/12\/Alkus_Baustellenreportage2-1.jpg","width":1620,"height":760},{"@type":"BreadcrumbList","@id":"https:\/\/stage.jh-itc.de\/en\/things-to-know\/alkus-panel-system-the-economical-formwork-panel-solution\/#breadcrumb","itemListElement":[{"@type":"ListItem","position":1,"name":"Home","item":"https:\/\/stage.jh-itc.de\/en\/formwork-props-scaffolding-from-professionals\/"},{"@type":"ListItem","position":2,"name":"Things to know","item":"https:\/\/stage.jh-itc.de\/en\/things-to-know\/"},{"@type":"ListItem","position":3,"name":"alkus panel system &#8211; the economical formwork panel solution"}]},{"@type":"WebSite","@id":"https:\/\/stage.jh-itc.de\/en\/#website","url":"https:\/\/stage.jh-itc.de\/en\/","name":"JH - ITC GmbH","description":"Ihr Experte f\u00fcr gebrauchte St\u00fctzen, Schalungen und Ger\u00fcste","publisher":{"@id":"https:\/\/stage.jh-itc.de\/en\/#organization"},"potentialAction":[{"@type":"SearchAction","target":{"@type":"EntryPoint","urlTemplate":"https:\/\/stage.jh-itc.de\/en\/?s={search_term_string}"},"query-input":{"@type":"PropertyValueSpecification","valueRequired":true,"valueName":"search_term_string"}}],"inLanguage":"en-US"},{"@type":"Organization","@id":"https:\/\/stage.jh-itc.de\/en\/#organization","name":"JH-ITC GmbH","url":"https:\/\/stage.jh-itc.de\/en\/","logo":{"@type":"ImageObject","inLanguage":"en-US","@id":"https:\/\/stage.jh-itc.de\/en\/#\/schema\/logo\/image\/","url":"https:\/\/stage.jh-itc.de\/wp-content\/uploads\/2016\/01\/JH-ITC2-1.png","contentUrl":"https:\/\/stage.jh-itc.de\/wp-content\/uploads\/2016\/01\/JH-ITC2-1.png","width":300,"height":102,"caption":"JH-ITC GmbH"},"image":{"@id":"https:\/\/stage.jh-itc.de\/en\/#\/schema\/logo\/image\/"},"sameAs":["https:\/\/www.facebook.com\/schalungshandel","https:\/\/x.com\/JH_ITC","https:\/\/www.linkedin.com\/in\/jhitc","https:\/\/youtu.be\/rMdZ-FLfI-Y"]}]}},"_links":{"self":[{"href":"https:\/\/stage.jh-itc.de\/en\/wp-json\/wp\/v2\/pages\/11867","targetHints":{"allow":["GET"]}}],"collection":[{"href":"https:\/\/stage.jh-itc.de\/en\/wp-json\/wp\/v2\/pages"}],"about":[{"href":"https:\/\/stage.jh-itc.de\/en\/wp-json\/wp\/v2\/types\/page"}],"author":[{"embeddable":true,"href":"https:\/\/stage.jh-itc.de\/en\/wp-json\/wp\/v2\/users\/7"}],"replies":[{"embeddable":true,"href":"https:\/\/stage.jh-itc.de\/en\/wp-json\/wp\/v2\/comments?post=11867"}],"version-history":[{"count":1,"href":"https:\/\/stage.jh-itc.de\/en\/wp-json\/wp\/v2\/pages\/11867\/revisions"}],"predecessor-version":[{"id":19363,"href":"https:\/\/stage.jh-itc.de\/en\/wp-json\/wp\/v2\/pages\/11867\/revisions\/19363"}],"up":[{"embeddable":true,"href":"https:\/\/stage.jh-itc.de\/en\/wp-json\/wp\/v2\/pages\/11865"}],"wp:featuredmedia":[{"embeddable":true,"href":"https:\/\/stage.jh-itc.de\/en\/wp-json\/wp\/v2\/media\/11869"}],"wp:attachment":[{"href":"https:\/\/stage.jh-itc.de\/en\/wp-json\/wp\/v2\/media?parent=11867"}],"curies":[{"name":"wp","href":"https:\/\/api.w.org\/{rel}","templated":true}]}}